{"id":55,"date":"2026-03-18T09:37:07","date_gmt":"2026-03-18T08:37:07","guid":{"rendered":"https:\/\/www.flowersandgo.com\/?page_id=55"},"modified":"2026-03-18T09:45:23","modified_gmt":"2026-03-18T08:45:23","slug":"impressum","status":"publish","type":"page","link":"https:\/\/www.flowersandgo.com\/?page_id=55","title":{"rendered":"Impressum"},"content":{"rendered":"<p>[et_pb_section fb_built=&#8220;1&#8243; theme_builder_area=&#8220;post_content&#8220; _builder_version=&#8220;4.27.5&#8243; _module_preset=&#8220;default&#8220;][et_pb_row _builder_version=&#8220;4.27.5&#8243; _module_preset=&#8220;default&#8220; theme_builder_area=&#8220;post_content&#8220; hover_enabled=&#8220;0&#8243; sticky_enabled=&#8220;0&#8243;][et_pb_column _builder_version=&#8220;4.27.5&#8243; _module_preset=&#8220;default&#8220; type=&#8220;4_4&#8243; theme_builder_area=&#8220;post_content&#8220;][et_pb_blurb title=&#8220;Impressum&#8220; image=&#8220;https:\/\/www.flowersandgo.com\/wp-content\/uploads\/2026\/03\/Mockup_Container_Anschnitt-scaled.jpg&#8220; _builder_version=&#8220;4.27.5&#8243; _module_preset=&#8220;default&#8220; theme_builder_area=&#8220;post_content&#8220; hover_enabled=&#8220;0&#8243; sticky_enabled=&#8220;0&#8243; title_text=&#8220;Mockup_Container_Anschnitt&#8220;]<\/p>\n<p data-start=\"61\" data-end=\"112\"><strong data-start=\"61\" data-end=\"112\">Angaben gem\u00e4\u00df \u00a7\u202f5 Digitale\u2011Dienste\u2011Gesetz (DDG)<\/strong><\/p>\n<p data-start=\"114\" data-end=\"216\"><strong data-start=\"114\" data-end=\"135\">Unternehmensname:<\/strong><br data-start=\"135\" data-end=\"138\" \/><span class=\"relative -mx-px my-[-0.2rem] rounded px-px py-[0.2rem] transition-colors duration-100 ease-in-out\">ekaflor Einkaufs\u2011 und Marketingverbund f\u00fcr G\u00e4rtner und Floristen GmbH\u202f&amp;\u202fCo.\u202fKG<\/span><br data-start=\"175\" data-end=\"178\" \/><strong data-start=\"178\" data-end=\"198\">Vertreten durch:<\/strong><span>\u00a0<\/span>Sebastian\u202fWinkler<\/p>\n<p data-start=\"218\" data-end=\"282\"><strong data-start=\"218\" data-end=\"232\">Anschrift:<\/strong><br data-start=\"232\" data-end=\"235\" \/>Watzmannstra\u00dfe\u202f3<br data-start=\"251\" data-end=\"254\" \/>90471 N\u00fcrnberg<br data-start=\"268\" data-end=\"271\" \/>Deutschland<\/p>\n<p data-start=\"284\" data-end=\"494\"><strong data-start=\"284\" data-end=\"296\">Kontakt:<\/strong><br data-start=\"296\" data-end=\"299\" \/><span class=\"relative -mx-px my-[-0.2rem] rounded px-px py-[0.2rem] transition-colors duration-100 ease-in-out\">Telefon: +49\u202f(0)\u202f911\u202f\/\u202f98\u202f116\u202f60<\/span><br data-start=\"336\" data-end=\"339\" \/><span class=\"relative -mx-px my-[-0.2rem] rounded px-px py-[0.2rem] transition-colors duration-100 ease-in-out\">Fax: +49\u202f(0)\u202f911\u202f\/\u202f98\u202f116\u202f65<\/span><br data-start=\"376\" data-end=\"379\" \/><span class=\"relative -mx-px my-[-0.2rem] rounded px-px py-[0.2rem] transition-colors duration-100 ease-in-out\">E\u2011Mail:<span>\u00a0<\/span><a href=\"mailto:info@ekaflor.de\" data-start=\"8\" data-end=\"23\" data-is-last-node=\"\">info@ekaflor.de<\/a><\/span><br data-start=\"416\" data-end=\"419\" \/><span class=\"relative -mx-px my-[-0.2rem] rounded px-px py-[0.2rem] transition-colors duration-100 ease-in-out\">Web:<span>\u00a0<\/span><a href=\"http:\/\/www.ekaflor.de\/\" target=\"_new\" rel=\"noopener noreferrer\" data-start=\"5\" data-end=\"19\" data-is-last-node=\"\">www.ekaflor.de<\/a><\/span><\/p>\n<p data-start=\"496\" data-end=\"704\"><strong data-start=\"496\" data-end=\"516\">Registereintrag:<\/strong><br data-start=\"516\" data-end=\"519\" \/>Registergericht: N\u00fcrnberg<br data-start=\"544\" data-end=\"547\" \/><span class=\"relative -mx-px my-[-0.2rem] rounded px-px py-[0.2rem] transition-colors duration-100 ease-in-out\">Registernummer: HRA\u202f10976<\/span><br data-start=\"584\" data-end=\"587\" \/><span class=\"relative -mx-px my-[-0.2rem] rounded px-px py-[0.2rem] transition-colors duration-100 ease-in-out\">Pers\u00f6nlich haftende Gesellschafterin: ekaflor Verwaltungs\u2011GmbH (Sitz N\u00fcrnberg, HRB\u202f13787)<\/span><br data-start=\"624\" data-end=\"627\" \/><span class=\"relative -mx-px my-[-0.2rem] rounded px-px py-[0.2rem] transition-colors duration-100 ease-in-out\">Gesch\u00e4ftsf\u00fchrer der Verwaltung: Sebastian\u202fWinkler<\/span><span>\u00a0<\/span><span class=\"\" data-state=\"closed\"><span class=\"ms-1 inline-flex max-w-full items-center relative top-[-0.094rem] animate-[show_150ms_ease-in]\"><a class=\"flex h-4.5 overflow-hidden rounded-xl px-2 text-[9px] font-medium text-token-text-secondary! bg-[#F4F4F4]! dark:bg-[#303030]! transition-colors duration-150 ease-in-out\" href=\"https:\/\/www.ekaflor.de\/impressum\/?utm_source=chatgpt.com\" target=\"_blank\" rel=\"noopener\"><span class=\"relative start-0 bottom-0 flex h-full w-full items-center\"><span class=\"flex h-4 w-full items-center justify-between overflow-hidden\"><span class=\"max-w-full grow truncate overflow-hidden text-center\">ekaflor.de<\/span><\/span><\/span><\/a><\/span><\/span><\/p>\n<p data-start=\"706\" data-end=\"836\"><strong data-start=\"706\" data-end=\"754\">Umsatzsteuer\u2011Identifikationsnummer (USt\u2011ID):<\/strong><br data-start=\"754\" data-end=\"757\" \/><span class=\"relative -mx-px my-[-0.2rem] rounded px-px py-[0.2rem] transition-colors duration-100 ease-in-out\">DE\u202f811\u202f964\u202f699<\/span><\/p>\n<p data-start=\"706\" data-end=\"836\"><strong data-start=\"838\" data-end=\"866\">Datenschutzbeauftragter:<\/strong><br data-start=\"866\" data-end=\"869\" \/><span class=\"relative -mx-px my-[-0.2rem] rounded px-px py-[0.2rem] transition-colors duration-100 ease-in-out\">Kontakt:<span>\u00a0<\/span><a href=\"mailto:datenschutz@divox.de\" data-start=\"9\" data-end=\"29\" data-is-last-node=\"\">datenschutz@divox.de<\/a><\/span><\/p>\n<p data-start=\"706\" data-end=\"836\"><strong data-start=\"950\" data-end=\"993\">Quellenangaben f\u00fcr Bilder und Grafiken:<\/strong><br data-start=\"993\" data-end=\"996\" \/><span class=\"relative -mx-px my-[-0.2rem] rounded px-px py-[0.2rem] transition-colors duration-100 ease-in-out\">thinkstockphotos.de, shutterstock.com, freepik.com<\/span><br data-start=\"1035\" data-end=\"1038\" \/><span class=\"relative -mx-px my-[-0.2rem] rounded px-px py-[0.2rem] transition-colors duration-100 ease-in-out\">Personalportr\u00e4ts: Paul Pulkert (BeauSol Media, Stephanie Hartmann-Erdal)<\/span><\/p>\n<hr data-start=\"1119\" data-end=\"1122\" \/>\n<h3 data-start=\"1124\" data-end=\"1159\">Haftungsausschluss (Disclaimer)<\/h3>\n<p data-start=\"1161\" data-end=\"1266\"><strong data-start=\"1161\" data-end=\"1184\">Haftung f\u00fcr Inhalte<\/strong><br data-start=\"1184\" data-end=\"1187\" \/><span class=\"relative -mx-px my-[-0.2rem] rounded px-px py-[0.2rem] transition-colors duration-100 ease-in-out\">Wir sind nach \u00a7\u202f7 Abs.\u202f1 DDG f\u00fcr eigene Inhalte auf diesen Seiten verantwortlich. Nach \u00a7\u00a7\u202f8\u201310 DDG sind wir jedoch nicht verpflichtet, \u00fcbermittelte oder gespeicherte fremde Informationen zu \u00fcberwachen oder auf rechtswidrige Aktivit\u00e4ten zu untersuchen. Eine Haftung tritt erst ab Kenntnis einer konkreten Rechtsverletzung ein. Entsprechende Inhalte werden umgehend entfernt.<\/span><span>\u00a0<\/span><span class=\"\" data-state=\"closed\"><span class=\"ms-1 inline-flex max-w-full items-center relative top-[-0.094rem] animate-[show_150ms_ease-in]\"><a class=\"flex h-4.5 overflow-hidden rounded-xl px-2 text-[9px] font-medium text-token-text-secondary! bg-[#F4F4F4]! dark:bg-[#303030]! transition-colors duration-150 ease-in-out\" href=\"https:\/\/www.ekaflor.de\/impressum\/?utm_source=chatgpt.com\" target=\"_blank\" rel=\"noopener\"><span class=\"relative start-0 bottom-0 flex h-full w-full items-center\"><span class=\"flex h-4 w-full items-center justify-between absolute\"><span class=\"max-w-full grow truncate overflow-hidden text-center\">BRICOFLOR<\/span><span class=\"-me-1 flex h-full items-center rounded-full px-1 text-[#8F8F8F]\">+2<\/span><\/span><span class=\"flex h-4 w-full items-center justify-between\"><span class=\"max-w-full grow truncate overflow-hidden text-center\">ekaflor.de<\/span><span class=\"-me-1 flex h-full items-center rounded-full px-1 text-[#8F8F8F]\">+2<\/span><\/span><span class=\"flex h-4 w-full items-center justify-between absolute\"><span class=\"max-w-full grow truncate overflow-hidden text-center\">eRecht24<\/span><span class=\"-me-1 flex h-full items-center rounded-full px-1 text-[#8F8F8F]\">+2<\/span><\/span><\/span><\/a><\/span><\/span><\/p>\n<p data-start=\"1268\" data-end=\"1371\"><strong data-start=\"1268\" data-end=\"1289\">Haftung f\u00fcr Links<\/strong><br data-start=\"1289\" data-end=\"1292\" \/><span class=\"relative -mx-px my-[-0.2rem] rounded px-px py-[0.2rem] transition-colors duration-100 ease-in-out\">F\u00fcr verlinkte externe Inhalte \u00fcbernehmen wir keine Verantwortung. F\u00fcr die Inhalte der verlinkten Seiten sind die jeweiligen Betreiber verantwortlich. Rechtswidrige Inhalte waren zum Zeitpunkt der Verlinkung nicht erkennbar. Bei Bekanntwerden werden entsprechende Links entfernt.<\/span><span>\u00a0<\/span><span class=\"\" data-state=\"closed\"><span class=\"ms-1 inline-flex max-w-full items-center relative top-[-0.094rem] animate-[show_150ms_ease-in]\"><a class=\"flex h-4.5 overflow-hidden rounded-xl px-2 text-[9px] font-medium text-token-text-secondary! bg-[#F4F4F4]! dark:bg-[#303030]! transition-colors duration-150 ease-in-out\" href=\"https:\/\/www.ekaflor.de\/impressum\/?utm_source=chatgpt.com\" target=\"_blank\" rel=\"noopener\"><span class=\"relative start-0 bottom-0 flex h-full w-full items-center\"><span class=\"flex h-4 w-full items-center justify-between overflow-hidden\"><span class=\"max-w-full grow truncate overflow-hidden text-center\">ekaflor.de<\/span><\/span><\/span><\/a><\/span><\/span><\/p>\n<p data-start=\"1373\" data-end=\"1471\"><strong data-start=\"1373\" data-end=\"1389\">Urheberrecht<\/strong><br data-start=\"1389\" data-end=\"1392\" \/><span class=\"relative -mx-px my-[-0.2rem] rounded px-px py-[0.2rem] transition-colors duration-100 ease-in-out\">Die durch uns erstellten Inhalte unterliegen dem deutschen Urheberrecht. Vervielf\u00e4ltigung, Bearbeitung, Verbreitung bed\u00fcrfen der schriftlichen Zustimmung. Inhalte Dritter wurden entsprechend gekennzeichnet. Bei Hinweisen auf Urheberrechtsverletzungen bitten wir um Mitteilung. Solche Inhalte werden umgehend entfernt.<\/span><\/p>\n<p>[\/et_pb_blurb][\/et_pb_column][\/et_pb_row][\/et_pb_section]<\/p>\n","protected":false},"excerpt":{"rendered":"<p>Angaben gem\u00e4\u00df \u00a7\u202f5 Digitale\u2011Dienste\u2011Gesetz (DDG) Unternehmensname:ekaflor Einkaufs\u2011 und Marketingverbund f\u00fcr G\u00e4rtner und Floristen GmbH\u202f&amp;\u202fCo.\u202fKGVertreten durch:\u00a0Sebastian\u202fWinkler Anschrift:Watzmannstra\u00dfe\u202f390471 N\u00fcrnbergDeutschland Kontakt:Telefon: +49\u202f(0)\u202f911\u202f\/\u202f98\u202f116\u202f60Fax: +49\u202f(0)\u202f911\u202f\/\u202f98\u202f116\u202f65E\u2011Mail:\u00a0info@ekaflor.deWeb:\u00a0www.ekaflor.de Registereintrag:Registergericht: N\u00fcrnbergRegisternummer: HRA\u202f10976Pers\u00f6nlich haftende Gesellschafterin: ekaflor Verwaltungs\u2011GmbH (Sitz N\u00fcrnberg, HRB\u202f13787)Gesch\u00e4ftsf\u00fchrer der Verwaltung: Sebastian\u202fWinkler\u00a0ekaflor.de Umsatzsteuer\u2011Identifikationsnummer (USt\u2011ID):DE\u202f811\u202f964\u202f699 Datenschutzbeauftragter:Kontakt:\u00a0datenschutz@divox.de Quellenangaben f\u00fcr Bilder und Grafiken:thinkstockphotos.de, shutterstock.com, freepik.comPersonalportr\u00e4ts: Paul Pulkert (BeauSol Media, Stephanie Hartmann-Erdal) Haftungsausschluss (Disclaimer) Haftung f\u00fcr InhalteWir sind [&hellip;]<\/p>\n","protected":false},"author":2,"featured_media":0,"parent":0,"menu_order":0,"comment_status":"closed","ping_status":"closed","template":"","meta":{"_et_pb_use_builder":"on","_et_pb_old_content":"","_et_gb_content_width":"","footnotes":""},"class_list":["post-55","page","type-page","status-publish","hentry"],"_links":{"self":[{"href":"https:\/\/www.flowersandgo.com\/index.php?rest_route=\/wp\/v2\/pages\/55","targetHints":{"allow":["GET"]}}],"collection":[{"href":"https:\/\/www.flowersandgo.com\/index.php?rest_route=\/wp\/v2\/pages"}],"about":[{"href":"https:\/\/www.flowersandgo.com\/index.php?rest_route=\/wp\/v2\/types\/page"}],"author":[{"embeddable":true,"href":"https:\/\/www.flowersandgo.com\/index.php?rest_route=\/wp\/v2\/users\/2"}],"replies":[{"embeddable":true,"href":"https:\/\/www.flowersandgo.com\/index.php?rest_route=%2Fwp%2Fv2%2Fcomments&post=55"}],"version-history":[{"count":3,"href":"https:\/\/www.flowersandgo.com\/index.php?rest_route=\/wp\/v2\/pages\/55\/revisions"}],"predecessor-version":[{"id":60,"href":"https:\/\/www.flowersandgo.com\/index.php?rest_route=\/wp\/v2\/pages\/55\/revisions\/60"}],"wp:attachment":[{"href":"https:\/\/www.flowersandgo.com\/index.php?rest_route=%2Fwp%2Fv2%2Fmedia&parent=55"}],"curies":[{"name":"wp","href":"https:\/\/api.w.org\/{rel}","templated":true}]}}