{"id":2,"date":"2026-02-20T09:35:48","date_gmt":"2026-02-20T08:35:48","guid":{"rendered":"https:\/\/www.flowersandgo.com\/?page_id=2"},"modified":"2026-03-18T09:51:15","modified_gmt":"2026-03-18T08:51:15","slug":"beispiel-seite","status":"publish","type":"page","link":"https:\/\/www.flowersandgo.com\/","title":{"rendered":"flowers &amp; go"},"content":{"rendered":"<p>[et_pb_section fb_built=&#8220;1&#8243; _builder_version=&#8220;4.27.5&#8243; _module_preset=&#8220;default&#8220; global_colors_info=&#8220;{}&#8220;][et_pb_row _builder_version=&#8220;4.27.5&#8243; _module_preset=&#8220;default&#8220;][et_pb_column _builder_version=&#8220;4.27.5&#8243; _module_preset=&#8220;default&#8220; type=&#8220;4_4&#8243;][et_pb_blurb title=&#8220;Hausordnung Flowers &#038; Go&#8220; image=&#8220;https:\/\/www.flowersandgo.com\/wp-content\/uploads\/2026\/03\/Mockup_Container_Anschnitt-scaled.jpg&#8220; _builder_version=&#8220;4.27.5&#8243; _module_preset=&#8220;default&#8220; title_text=&#8220;Mockup_Container_Anschnitt&#8220; hover_enabled=&#8220;0&#8243; sticky_enabled=&#8220;0&#8243;]<\/p>\n<ol>\n<li><strong>Diebstahl und Vandalismus<\/strong><\/li>\n<ul>\n<li>Ladendiebstahl, Hausfriedensbruch und Vandalismus werden von uns zur Anzeige gebracht. Diese Delikte k\u00f6nnen zu Schadensersatzanspr\u00fcchen und Hausverboten f\u00fcr alle Standorte von Flowers &amp; Go f\u00fchren. Bei Ladendiebstahl wird eine Vertragsstrafe von 100 EUR verh\u00e4ngt.<\/li>\n<\/ul>\n<li><strong>Sauberkeit<\/strong><\/li>\n<ul>\n<li>Wir bitten alle Besucher, ihren M\u00fcll in den vorgesehenen M\u00fclleimern zu entsorgen. Sollte der Verkaufsraum nicht sauber sein, bitten wir um Mitteilung \u00fcber die angegebenen Kontaktm\u00f6glichkeiten, damit wir umgehend f\u00fcr eine Reinigung sorgen k\u00f6nnen.<\/li>\n<\/ul>\n<li><strong>Zutrittsbeschr\u00e4nkungen<\/strong><\/li>\n<ul>\n<li>Tiere, Fahrr\u00e4der, Roller, E-Scooter, Hoverboards, Inlineskates und Skateboards sind im Verkaufsraum nicht erlaubt.<\/li>\n<\/ul>\n<li><strong>Aufsichtspflicht<\/strong><\/li>\n<ul>\n<li>Eltern und Erziehungsberechtigte sind verantwortlich f\u00fcr die Aufsicht \u00fcber ihre Kinder. Bitte behalten Sie Ihre Kinder im Blick, da eine Aufsichtspflicht besteht.<\/li>\n<\/ul>\n<li><strong>Umgang mit Produkten<\/strong><\/li>\n<ul>\n<li>Produkte d\u00fcrfen nur entnommen werden, wenn Sie diese tats\u00e4chlich kaufen m\u00f6chten oder eine kurze Pr\u00fcfung des Zustands erforderlich ist. Bitte legen Sie nicht gewollte Produkte wieder an ihren Platz zur\u00fcck und stellen Sie Schnittblumen wieder ins Wasser.<\/li>\n<\/ul>\n<li><strong>Nutzungsbedingungen und Datenschutzhinweise<\/strong><\/li>\n<ul>\n<li>Diese finden Sie am Eingang von Flowers &amp; Go oder unter dem angegebenen Link.<\/li>\n<\/ul>\n<li><strong>Verst\u00f6\u00dfe gegen die Hausordnung<\/strong><\/li>\n<ul>\n<li>Verst\u00f6\u00dfe k\u00f6nnen vom Betreiber von Flowers &amp; Go geahndet werden.<\/li>\n<\/ul>\n<\/ol>\n<p><strong>Datenschutzhinweise<\/strong><\/p>\n<p><strong>Verantwortlicher f\u00fcr die Datenverarbeitung<\/strong><\/p>\n<ul>\n<li>Verantwortlich f\u00fcr die Datenverarbeitungen ist die ekaflor Einkaufs- und Marketingverbund f\u00fcr G\u00e4rtner und Floristen GmbH &amp; Co KG (kurz: ekaflor GmbH &amp; Co. KG), Watzmannstr. 3, 90471 N\u00fcrnberg.<\/li>\n<\/ul>\n<p><strong>Video\u00fcberwachung<\/strong><\/p>\n<ul>\n<li>Die Video\u00fcberwachung bei Flowers &amp; Go dient:<\/li>\n<ul>\n<li>dem Schutz unseres Eigentums und des Eigentums der Kunden,<\/li>\n<li>der Geltendmachung zivilrechtlicher Anspr\u00fcche,<\/li>\n<li>dem Schutz vor strafrechtlichen Delikten,<\/li>\n<li>der Beweissicherung bei relevanten Vorf\u00e4llen,<\/li>\n<li>dem Schutz der Kunden in gesundheitlichen Notf\u00e4llen.<\/li>\n<\/ul>\n<li>Rechtsgrundlage: Art. 6 Abs. 1 f DSGVO.<\/li>\n<\/ul>\n<p><strong>Zugriffsrechte<\/strong><\/p>\n<ul>\n<li>Auf die Videoaufzeichnungen haben in der Regel nur die Betreiber von Flowers &amp; Go, die ekaflor GmbH &amp; Co KG, sowie beauftragte Wachdienste und IT-Dienstleister Zugriff. Aufzeichnungen k\u00f6nnen bei einem Cloud-Dienstleister gespeichert werden, wobei die EU-Standardvertragsklauseln als geeignete Garantien vereinbart wurden.<\/li>\n<\/ul>\n<p><strong>Speicherdauer<\/strong><\/p>\n<ul>\n<li>Videoaufzeichnungen werden regelm\u00e4\u00dfig innerhalb weniger Tage gel\u00f6scht, es sei denn, es liegen relevante Vorkommnisse vor.<\/li>\n<\/ul>\n<p><strong>Sensoren<\/strong><\/p>\n<ul>\n<li>Mit 3D-Sensoren wird erfasst, wo sich Besucher aufhalten. Ein Personenbezug kann nur durch die Sichtung der Videoaufzeichnungen hergestellt werden. Bei untypisch langer Verweildauer wird ein Notsignal gesendet.<\/li>\n<\/ul>\n<p><strong>Zutritt mit Karte<\/strong><\/p>\n<ul>\n<li>Bei Nutzung von Giro- oder Kreditkarten speichern wir Zutrittsanfragen und Karteninformationen f\u00fcr einige Tage. Bei missbr\u00e4uchlicher Nutzung kann der Zutritt f\u00fcr einen bestimmten Zeitraum gesperrt werden.<\/li>\n<\/ul>\n<p><strong>Rechte der Betroffenen<\/strong><\/p>\n<ul>\n<li>Sie haben das Recht auf Auskunft, Berichtigung, L\u00f6schung, Einschr\u00e4nkung der Verarbeitung, Widerspruch und Daten\u00fcbertragbarkeit gem\u00e4\u00df DSGVO. Bei Fragen wenden Sie sich bitte an unseren Datenschutzbeauftragten.<\/li>\n<\/ul>\n<p><strong>Datenschutzbeauftragter<\/strong><\/p>\n<ul>\n<li>Unser Datenschutzbeauftragter ist erreichbar unter:<br \/>ekaflor GmbH &amp; Co KG, Watzmannstr. 3, 90471 N\u00fcrnberg<\/li>\n<\/ul>\n<p>[\/et_pb_blurb][\/et_pb_column][\/et_pb_row][\/et_pb_section][et_pb_section fb_built=&#8220;1&#8243; _builder_version=&#8220;4.27.5&#8243; _module_preset=&#8220;default&#8220; global_colors_info=&#8220;{}&#8220;][\/et_pb_section]<\/p>\n","protected":false},"excerpt":{"rendered":"<p>Diebstahl und Vandalismus Ladendiebstahl, Hausfriedensbruch und Vandalismus werden von uns zur Anzeige gebracht. Diese Delikte k\u00f6nnen zu Schadensersatzanspr\u00fcchen und Hausverboten f\u00fcr alle Standorte von Flowers &amp; Go f\u00fchren. Bei Ladendiebstahl wird eine Vertragsstrafe von 100 EUR verh\u00e4ngt. Sauberkeit Wir bitten alle Besucher, ihren M\u00fcll in den vorgesehenen M\u00fclleimern zu entsorgen. Sollte der Verkaufsraum nicht sauber [&hellip;]<\/p>\n","protected":false},"author":1,"featured_media":0,"parent":0,"menu_order":0,"comment_status":"closed","ping_status":"open","template":"","meta":{"_et_pb_use_builder":"on","_et_pb_old_content":"<!-- wp:image {\"id\":18,\"width\":\"299px\",\"height\":\"auto\",\"aspectRatio\":\"1.410491926197681\",\"sizeSlug\":\"large\",\"linkDestination\":\"none\"} -->\n<figure class=\"wp-block-image size-large is-resized\"><img src=\"https:\/\/www.flowersandgo.com\/wp-content\/uploads\/2026\/02\/Logo_Flowers__Go-1024x726.jpg\" alt=\"\" class=\"wp-image-18\" style=\"aspect-ratio:1.410491926197681;width:299px;height:auto\"\/><\/figure>\n<!-- \/wp:image -->\n\n<!-- wp:paragraph -->\n<p><strong>Hausordnung Flowers &amp; Go<\/strong><\/p>\n<!-- \/wp:paragraph -->\n\n<!-- wp:list {\"ordered\":true} -->\n<ol class=\"wp-block-list\"><!-- wp:list-item -->\n<li><strong>Diebstahl und Vandalismus<\/strong><!-- wp:list -->\n<ul class=\"wp-block-list\"><!-- wp:list-item -->\n<li>Ladendiebstahl, Hausfriedensbruch und Vandalismus werden von uns zur Anzeige gebracht. Diese Delikte k\u00f6nnen zu Schadensersatzanspr\u00fcchen und Hausverboten f\u00fcr alle Standorte von Flowers &amp; Go f\u00fchren. Bei Ladendiebstahl wird eine Vertragsstrafe von 100 EUR verh\u00e4ngt.<\/li>\n<!-- \/wp:list-item --><\/ul>\n<!-- \/wp:list --><\/li>\n<!-- \/wp:list-item -->\n\n<!-- wp:list-item -->\n<li><strong>Sauberkeit<\/strong><!-- wp:list -->\n<ul class=\"wp-block-list\"><!-- wp:list-item -->\n<li>Wir bitten alle Besucher, ihren M\u00fcll in den vorgesehenen M\u00fclleimern zu entsorgen. Sollte der Verkaufsraum nicht sauber sein, bitten wir um Mitteilung \u00fcber die angegebenen Kontaktm\u00f6glichkeiten, damit wir umgehend f\u00fcr eine Reinigung sorgen k\u00f6nnen.<\/li>\n<!-- \/wp:list-item --><\/ul>\n<!-- \/wp:list --><\/li>\n<!-- \/wp:list-item -->\n\n<!-- wp:list-item -->\n<li><strong>Zutrittsbeschr\u00e4nkungen<\/strong><!-- wp:list -->\n<ul class=\"wp-block-list\"><!-- wp:list-item -->\n<li>Tiere, Fahrr\u00e4der, Roller, E-Scooter, Hoverboards, Inlineskates und Skateboards sind im Verkaufsraum nicht erlaubt.<\/li>\n<!-- \/wp:list-item --><\/ul>\n<!-- \/wp:list --><\/li>\n<!-- \/wp:list-item -->\n\n<!-- wp:list-item -->\n<li><strong>Aufsichtspflicht<\/strong><!-- wp:list -->\n<ul class=\"wp-block-list\"><!-- wp:list-item -->\n<li>Eltern und Erziehungsberechtigte sind verantwortlich f\u00fcr die Aufsicht \u00fcber ihre Kinder. Bitte behalten Sie Ihre Kinder im Blick, da eine Aufsichtspflicht besteht.<\/li>\n<!-- \/wp:list-item --><\/ul>\n<!-- \/wp:list --><\/li>\n<!-- \/wp:list-item -->\n\n<!-- wp:list-item -->\n<li><strong>Umgang mit Produkten<\/strong><!-- wp:list -->\n<ul class=\"wp-block-list\"><!-- wp:list-item -->\n<li>Produkte d\u00fcrfen nur entnommen werden, wenn Sie diese tats\u00e4chlich kaufen m\u00f6chten oder eine kurze Pr\u00fcfung des Zustands erforderlich ist. Bitte legen Sie nicht gewollte Produkte wieder an ihren Platz zur\u00fcck und stellen Sie Schnittblumen wieder ins Wasser.<\/li>\n<!-- \/wp:list-item --><\/ul>\n<!-- \/wp:list --><\/li>\n<!-- \/wp:list-item -->\n\n<!-- wp:list-item -->\n<li><strong>Nutzungsbedingungen und Datenschutzhinweise<\/strong><!-- wp:list -->\n<ul class=\"wp-block-list\"><!-- wp:list-item -->\n<li>Diese finden Sie am Eingang von Flowers &amp; Go oder unter dem angegebenen <a href=\"http:\/\/flowersandgo.de\/datenschutz\">Link<\/a>.<\/li>\n<!-- \/wp:list-item --><\/ul>\n<!-- \/wp:list --><\/li>\n<!-- \/wp:list-item -->\n\n<!-- wp:list-item -->\n<li><strong>Verst\u00f6\u00dfe gegen die Hausordnung<\/strong><!-- wp:list -->\n<ul class=\"wp-block-list\"><!-- wp:list-item -->\n<li>Verst\u00f6\u00dfe k\u00f6nnen vom Betreiber von Flowers &amp; Go geahndet werden.<\/li>\n<!-- \/wp:list-item --><\/ul>\n<!-- \/wp:list --><\/li>\n<!-- \/wp:list-item --><\/ol>\n<!-- \/wp:list -->\n\n<!-- wp:paragraph -->\n<p><strong>Datenschutzhinweise<\/strong><\/p>\n<!-- \/wp:paragraph -->\n\n<!-- wp:paragraph -->\n<p><strong>Verantwortlicher f\u00fcr die Datenverarbeitung<\/strong><\/p>\n<!-- \/wp:paragraph -->\n\n<!-- wp:list -->\n<ul class=\"wp-block-list\"><!-- wp:list-item -->\n<li>Verantwortlich f\u00fcr die Datenverarbeitungen ist die ekaflor Einkaufs- und Marketingverbund f\u00fcr G\u00e4rtner und Floristen GmbH &amp; Co KG (kurz: ekaflor GmbH &amp; Co. KG), Watzmannstr. 3, 90471 N\u00fcrnberg.<\/li>\n<!-- \/wp:list-item --><\/ul>\n<!-- \/wp:list -->\n\n<!-- wp:paragraph -->\n<p><strong>Video\u00fcberwachung<\/strong><\/p>\n<!-- \/wp:paragraph -->\n\n<!-- wp:list -->\n<ul class=\"wp-block-list\"><!-- wp:list-item -->\n<li>Die Video\u00fcberwachung bei Flowers &amp; Go dient:<!-- wp:list -->\n<ul class=\"wp-block-list\"><!-- wp:list-item -->\n<li>dem Schutz unseres Eigentums und des Eigentums der Kunden,<\/li>\n<!-- \/wp:list-item -->\n\n<!-- wp:list-item -->\n<li>der Geltendmachung zivilrechtlicher Anspr\u00fcche,<\/li>\n<!-- \/wp:list-item -->\n\n<!-- wp:list-item -->\n<li>dem Schutz vor strafrechtlichen Delikten,<\/li>\n<!-- \/wp:list-item -->\n\n<!-- wp:list-item -->\n<li>der Beweissicherung bei relevanten Vorf\u00e4llen,<\/li>\n<!-- \/wp:list-item -->\n\n<!-- wp:list-item -->\n<li>dem Schutz der Kunden in gesundheitlichen Notf\u00e4llen.<\/li>\n<!-- \/wp:list-item --><\/ul>\n<!-- \/wp:list --><\/li>\n<!-- \/wp:list-item -->\n\n<!-- wp:list-item -->\n<li>Rechtsgrundlage: Art. 6 Abs. 1 f DSGVO.<\/li>\n<!-- \/wp:list-item --><\/ul>\n<!-- \/wp:list -->\n\n<!-- wp:paragraph -->\n<p><strong>Zugriffsrechte<\/strong><\/p>\n<!-- \/wp:paragraph -->\n\n<!-- wp:list -->\n<ul class=\"wp-block-list\"><!-- wp:list-item -->\n<li>Auf die Videoaufzeichnungen haben in der Regel nur die Betreiber von Flowers &amp; Go, die ekaflor GmbH &amp; Co KG, sowie beauftragte Wachdienste und IT-Dienstleister Zugriff. Aufzeichnungen k\u00f6nnen bei einem Cloud-Dienstleister gespeichert werden, wobei die EU-Standardvertragsklauseln als geeignete Garantien vereinbart wurden.<\/li>\n<!-- \/wp:list-item --><\/ul>\n<!-- \/wp:list -->\n\n<!-- wp:paragraph -->\n<p><strong>Speicherdauer<\/strong><\/p>\n<!-- \/wp:paragraph -->\n\n<!-- wp:list -->\n<ul class=\"wp-block-list\"><!-- wp:list-item -->\n<li>Videoaufzeichnungen werden regelm\u00e4\u00dfig innerhalb weniger Tage gel\u00f6scht, es sei denn, es liegen relevante Vorkommnisse vor.<\/li>\n<!-- \/wp:list-item --><\/ul>\n<!-- \/wp:list -->\n\n<!-- wp:paragraph -->\n<p><strong>Sensoren<\/strong><\/p>\n<!-- \/wp:paragraph -->\n\n<!-- wp:list -->\n<ul class=\"wp-block-list\"><!-- wp:list-item -->\n<li>Mit 3D-Sensoren wird erfasst, wo sich Besucher aufhalten. Ein Personenbezug kann nur durch die Sichtung der Videoaufzeichnungen hergestellt werden. Bei untypisch langer Verweildauer wird ein Notsignal gesendet.<\/li>\n<!-- \/wp:list-item --><\/ul>\n<!-- \/wp:list -->\n\n<!-- wp:paragraph -->\n<p><strong>Zutritt mit Karte<\/strong><\/p>\n<!-- \/wp:paragraph -->\n\n<!-- wp:list -->\n<ul class=\"wp-block-list\"><!-- wp:list-item -->\n<li>Bei Nutzung von Giro- oder Kreditkarten speichern wir Zutrittsanfragen und Karteninformationen f\u00fcr einige Tage. Bei missbr\u00e4uchlicher Nutzung kann der Zutritt f\u00fcr einen bestimmten Zeitraum gesperrt werden.<\/li>\n<!-- \/wp:list-item --><\/ul>\n<!-- \/wp:list -->\n\n<!-- wp:paragraph -->\n<p><strong>Rechte der Betroffenen<\/strong><\/p>\n<!-- \/wp:paragraph -->\n\n<!-- wp:list -->\n<ul class=\"wp-block-list\"><!-- wp:list-item -->\n<li>Sie haben das Recht auf Auskunft, Berichtigung, L\u00f6schung, Einschr\u00e4nkung der Verarbeitung, Widerspruch und Daten\u00fcbertragbarkeit gem\u00e4\u00df DSGVO. Bei Fragen wenden Sie sich bitte an unseren Datenschutzbeauftragten.<\/li>\n<!-- \/wp:list-item --><\/ul>\n<!-- \/wp:list -->\n\n<!-- wp:paragraph -->\n<p><strong>Datenschutzbeauftragter<\/strong><\/p>\n<!-- \/wp:paragraph -->\n\n<!-- wp:list -->\n<ul class=\"wp-block-list\"><!-- wp:list-item -->\n<li>Unser Datenschutzbeauftragter ist erreichbar unter:<br>ekaflor GmbH &amp; Co KG, Watzmannstr. 3, 90471 N\u00fcrnberg<\/li>\n<!-- \/wp:list-item --><\/ul>\n<!-- \/wp:list -->","_et_gb_content_width":"1080","footnotes":""},"class_list":["post-2","page","type-page","status-publish","hentry"],"_links":{"self":[{"href":"https:\/\/www.flowersandgo.com\/index.php?rest_route=\/wp\/v2\/pages\/2","targetHints":{"allow":["GET"]}}],"collection":[{"href":"https:\/\/www.flowersandgo.com\/index.php?rest_route=\/wp\/v2\/pages"}],"about":[{"href":"https:\/\/www.flowersandgo.com\/index.php?rest_route=\/wp\/v2\/types\/page"}],"author":[{"embeddable":true,"href":"https:\/\/www.flowersandgo.com\/index.php?rest_route=\/wp\/v2\/users\/1"}],"replies":[{"embeddable":true,"href":"https:\/\/www.flowersandgo.com\/index.php?rest_route=%2Fwp%2Fv2%2Fcomments&post=2"}],"version-history":[{"count":14,"href":"https:\/\/www.flowersandgo.com\/index.php?rest_route=\/wp\/v2\/pages\/2\/revisions"}],"predecessor-version":[{"id":64,"href":"https:\/\/www.flowersandgo.com\/index.php?rest_route=\/wp\/v2\/pages\/2\/revisions\/64"}],"wp:attachment":[{"href":"https:\/\/www.flowersandgo.com\/index.php?rest_route=%2Fwp%2Fv2%2Fmedia&parent=2"}],"curies":[{"name":"wp","href":"https:\/\/api.w.org\/{rel}","templated":true}]}}